
{"id":1259,"date":"2020-11-01T11:46:20","date_gmt":"2020-11-01T10:46:20","guid":{"rendered":"https:\/\/www.co-box.ch\/?page_id=1259"},"modified":"2020-11-01T11:46:22","modified_gmt":"2020-11-01T10:46:22","slug":"politique-de-confidentialite","status":"publish","type":"page","link":"https:\/\/www.co-box.ch\/?page_id=1259","title":{"rendered":"Politique de Confidentialit\u00e9"},"content":{"rendered":"\n<h1 class=\"wp-block-heading\"><strong>D\u00e9claration protection des donn\u00e9es<\/strong><\/h1>\n\n\n\n<p><strong>D\u00e9claration de protection des donn\u00e9es<\/strong><\/p>\n\n\n\n<p>Bienvenue sur le site de Co-Box SA. Nous prenons la protection des donn\u00e9es d\u2019une personne au s\u00e9rieux.<\/p>\n\n\n\n<p>Ci-dessous vous trouverez les informations que nous recueillons \u00e0 votre sujet et la fa\u00e7on dont nous les utilisons. Cette d\u00e9claration de protection des donn\u00e9es pouvant \u00eatre mise \u00e0 jour, veuillez l\u2019examiner de temps en temps.<\/p>\n\n\n\n<p>En utilisant notre site, vous acceptez les conditions \u00e9nonc\u00e9es dans cette d\u00e9claration et notre utilisation de cookies telle que d\u00e9crite ci-dessous.<\/p>\n\n\n\n<p>Si vous n\u2019acceptez pas ces conditions, veuillez ne pas utiliser le site.<\/p>\n\n\n\n<p><strong>Collecte d\u2019informations<\/strong><\/p>\n\n\n\n<p>Selon la fa\u00e7on dont vous utilisez notre site, nous pouvons recueillir et stocker diff\u00e9rents types d\u2019informations vous concernant. Nous recueillons des informations personnelles par l\u2019interm\u00e9diaire du site, telles que votre nom et votre adresse \u00e9lectronique lorsque vous nous les envoyez pour une demande de contact.<\/p>\n\n\n\n<p>Nous recueillons \u00e9galement des informations sur le navigateur de votre ordinateur, y compris l\u2019adresse IP de l\u2019ordinateur et la situation g\u00e9ographique d\u2019une personne, le type de navigateur, le syst\u00e8me d\u2019exploitation et les pages Web que vous consultez. Si vous acc\u00e9dez \u00e0 notre site depuis un t\u00e9l\u00e9phone mobile ou autre appareil, nous pouvons collecter un identificateur unique contenu dans cet appareil. Cette information nous permet d\u2019afficher ou de mettre en forme un contenu et des services pertinents pour cet appareil.<\/p>\n\n\n\n<p>Vos donn\u00e9es personnelles sont conserv\u00e9es dans l\u2019Espace \u00e9conomique europ\u00e9en (\u00abEEE\u00bb)<\/p>\n\n\n\n<p><strong>Visiteurs du site<\/strong><\/p>\n\n\n\n<p>Si vous \u00eates en train de naviguer sur notre site, nous pouvons recueillir des informations anonymes sur votre emplacement et sur la fa\u00e7on dont vous consultez et utilisez notre site.<\/p>\n\n\n\n<p>Nous utiliserons cette information pour am\u00e9liorer le fonctionnement et la convivialit\u00e9 du site et pour effectuer le suivi du trafic sur le site.<\/p>\n\n\n\n<p><strong>Nous contacter<\/strong><\/p>\n\n\n\n<p>Si vous consultez la section \u00ab Nous contacter \u00bb de notre site et que vous remplissez les informations demand\u00e9es dans la section \u00abFormulaire\u00bb, nous utiliserons vos informations pour g\u00e9rer vos demandes et vous r\u00e9pondre. Nous pouvons stocker en permanence des informations que vous fournissez pour des besoins futurs afin d\u2019\u00e9valuer notre prestation de services aupr\u00e8s de vous et d\u2019autres personnes.<\/p>\n\n\n\n<p>Si vous nous \u00e9crivez, que vous nous t\u00e9l\u00e9phonez ou que vous nous envoyez un courrier \u00e9lectronique, nous utiliserons vos informations pour vous r\u00e9pondre et enregistrerons votre correspondance avec nous.<\/p>\n\n\n\n<p><strong>Newsletter<\/strong><\/p>\n\n\n\n<p>Suite \u00e0 votre inscription \u00e0 une newsletter, votre adresse e-mail pourra \u00eatre utilis\u00e9e par Co-Box SA \u00e0 des fins marketing (publicitaires), jusqu\u2019\u00e0 ce que vous vous d\u00e9sinscriviez. Les utilisateurs qui ne souhaitent plus recevoir la newsletter peuvent se d\u00e9sabonner selon les indications des e-mails envoy\u00e9s<\/p>\n\n\n\n<p><strong>Partage d\u2019informations<\/strong><\/p>\n\n\n\n<p>Sauf dispositions l\u00e9gales contraires, nous ne partagerons pas vos informations avec des tiers sans votre consentement.<\/p>\n\n\n\n<p><strong>S\u00e9curit\u00e9<\/strong><\/p>\n\n\n\n<p>Nous nous engageons \u00e0 garder vos informations en s\u00e9curit\u00e9 et nous prenons des mesures de s\u00e9curit\u00e9 techniques et organisationnelles pour emp\u00eacher la perte ou l\u2019acc\u00e8s non autoris\u00e9 \u00e0 vos informations.<\/p>\n\n\n\n<p><strong>D\u00e9claration sur les cookies<\/strong><\/p>\n\n\n\n<p>Ce site utilise des cookies. Un cookie est un petit volume de donn\u00e9es g\u00e9n\u00e9r\u00e9es par un site Web et enregistr\u00e9es par votre navigateur Web. Il vise \u00e0 m\u00e9moriser des informations sur vous, de la m\u00eame fa\u00e7on qu\u2019un fichier de pr\u00e9f\u00e9rences cr\u00e9\u00e9 par une application logicielle. Les cookies effectuent un certain nombre de fonctions distinctes. Certains cookies sont essentiels pour diffuser notre site et vous proposer nos services. Les cookies peuvent \u00eatre \u00abpersistants\u00bb, c\u2019est-\u00e0-dire conserv\u00e9s sur votre appareil apr\u00e8s que vous avez quitt\u00e9 le site, ou \u00abvolatils\u00bb, c\u2019est-\u00e0-dire supprim\u00e9s lorsque vous fermez votre navigateur Internet. Vous pouvez utiliser les param\u00e8tres de votre navigateur pour g\u00e9rer vos pr\u00e9f\u00e9rences de cookies, mais veuillez noter que certaines fonctionnalit\u00e9s du site peuvent alors ne pas \u00eatre disponibles ou ne pas fonctionner aussi efficacement.<\/p>\n\n\n\n<p>Co-Box SA, janvier 2020<\/p>\n","protected":false},"excerpt":{"rendered":"<p>D\u00e9claration protection des donn\u00e9es D\u00e9claration de protection des donn\u00e9es Bienvenue sur le site de Co-Box SA. Nous prenons la protection des donn\u00e9es d\u2019une personne au s\u00e9rieux. Ci-dessous vous trouverez les informations que nous recueillons \u00e0 votre sujet et la fa\u00e7on dont nous les utilisons. Cette d\u00e9claration de protection des donn\u00e9es pouvant \u00eatre mise \u00e0 jour, veuillez l\u2019examiner de temps en<\/p>\n<div class=\"read-more\"><a class=\"more-link\" href=\"https:\/\/www.co-box.ch\/?page_id=1259\">En lire davantage&#8230;<\/a><\/div>\n","protected":false},"author":2,"featured_media":0,"parent":0,"menu_order":0,"comment_status":"closed","ping_status":"closed","template":"","meta":{"spay_email":"","footnotes":""},"class_list":["post-1259","page","type-page","status-publish","hentry"],"_links":{"self":[{"href":"https:\/\/www.co-box.ch\/index.php?rest_route=\/wp\/v2\/pages\/1259","targetHints":{"allow":["GET"]}}],"collection":[{"href":"https:\/\/www.co-box.ch\/index.php?rest_route=\/wp\/v2\/pages"}],"about":[{"href":"https:\/\/www.co-box.ch\/index.php?rest_route=\/wp\/v2\/types\/page"}],"author":[{"embeddable":true,"href":"https:\/\/www.co-box.ch\/index.php?rest_route=\/wp\/v2\/users\/2"}],"replies":[{"embeddable":true,"href":"https:\/\/www.co-box.ch\/index.php?rest_route=%2Fwp%2Fv2%2Fcomments&post=1259"}],"version-history":[{"count":1,"href":"https:\/\/www.co-box.ch\/index.php?rest_route=\/wp\/v2\/pages\/1259\/revisions"}],"predecessor-version":[{"id":1279,"href":"https:\/\/www.co-box.ch\/index.php?rest_route=\/wp\/v2\/pages\/1259\/revisions\/1279"}],"wp:attachment":[{"href":"https:\/\/www.co-box.ch\/index.php?rest_route=%2Fwp%2Fv2%2Fmedia&parent=1259"}],"curies":[{"name":"wp","href":"https:\/\/api.w.org\/{rel}","templated":true}]}}