
{"id":1477,"date":"2020-11-07T11:13:40","date_gmt":"2020-11-07T10:13:40","guid":{"rendered":"https:\/\/www.co-box.ch\/?page_id=1477"},"modified":"2020-11-07T17:46:17","modified_gmt":"2020-11-07T16:46:17","slug":"test","status":"publish","type":"page","link":"https:\/\/www.co-box.ch\/?page_id=1477","title":{"rendered":"Espace client"},"content":{"rendered":"\n<p>Vous allez \u00eatre rediriger vers votre espace client s\u00e9curis\u00e9. <\/p>\n\n\n\n<p>Votre navigateur va l&rsquo;ouvrir dans un nouvel onglet<\/p>\n\n\n\n<div class=\"wp-block-buttons is-layout-flex wp-block-buttons-is-layout-flex\">\n<div class=\"wp-block-button is-style-outline is-style-outline--1\"><a class=\"wp-block-button__link has-vivid-red-color has-white-background-color has-text-color has-background\" href=\"https:\/\/cobox.gotomyspace.online\/\" target=\"_blank\" rel=\"noreferrer noopener\">Espace client<\/a><\/div>\n<\/div>\n\n\n\n<p><\/p>\n","protected":false},"excerpt":{"rendered":"<p>Vous allez \u00eatre rediriger vers votre espace client s\u00e9curis\u00e9. Votre navigateur va l&rsquo;ouvrir dans un nouvel onglet<\/p>\n","protected":false},"author":1,"featured_media":0,"parent":0,"menu_order":0,"comment_status":"closed","ping_status":"closed","template":"","meta":{"spay_email":"","footnotes":""},"class_list":["post-1477","page","type-page","status-publish","hentry"],"_links":{"self":[{"href":"https:\/\/www.co-box.ch\/index.php?rest_route=\/wp\/v2\/pages\/1477","targetHints":{"allow":["GET"]}}],"collection":[{"href":"https:\/\/www.co-box.ch\/index.php?rest_route=\/wp\/v2\/pages"}],"about":[{"href":"https:\/\/www.co-box.ch\/index.php?rest_route=\/wp\/v2\/types\/page"}],"author":[{"embeddable":true,"href":"https:\/\/www.co-box.ch\/index.php?rest_route=\/wp\/v2\/users\/1"}],"replies":[{"embeddable":true,"href":"https:\/\/www.co-box.ch\/index.php?rest_route=%2Fwp%2Fv2%2Fcomments&post=1477"}],"version-history":[{"count":23,"href":"https:\/\/www.co-box.ch\/index.php?rest_route=\/wp\/v2\/pages\/1477\/revisions"}],"predecessor-version":[{"id":1507,"href":"https:\/\/www.co-box.ch\/index.php?rest_route=\/wp\/v2\/pages\/1477\/revisions\/1507"}],"wp:attachment":[{"href":"https:\/\/www.co-box.ch\/index.php?rest_route=%2Fwp%2Fv2%2Fmedia&parent=1477"}],"curies":[{"name":"wp","href":"https:\/\/api.w.org\/{rel}","templated":true}]}}