
{"id":26,"date":"2016-01-15T21:47:01","date_gmt":"2016-01-15T20:47:01","guid":{"rendered":"http:\/\/www.co-box.ch\/?page_id=26"},"modified":"2020-11-01T16:42:24","modified_gmt":"2020-11-01T15:42:24","slug":"notre-offre","status":"publish","type":"page","link":"https:\/\/www.co-box.ch\/?page_id=26","title":{"rendered":"Stockage"},"content":{"rendered":"<p><a href=\"https:\/\/i1.wp.com\/www.co-box.ch\/wp-content\/uploads\/2016\/01\/image-5.jpeg?ssl=1\"><img loading=\"lazy\" decoding=\"async\" class=\"alignleft wp-image-188 \" src=\"https:\/\/i1.wp.com\/www.co-box.ch\/wp-content\/uploads\/2016\/01\/image-5.jpeg?resize=149%2C149&#038;ssl=1\" alt=\"image\" width=\"149\" height=\"149\" srcset=\"https:\/\/i1.wp.com\/www.co-box.ch\/wp-content\/uploads\/2016\/01\/image-5.jpeg?w=300&amp;ssl=1 300w, https:\/\/i1.wp.com\/www.co-box.ch\/wp-content\/uploads\/2016\/01\/image-5.jpeg?resize=150%2C150&amp;ssl=1 150w\" sizes=\"auto, (max-width: 149px) 100vw, 149px\" data-recalc-dims=\"1\" \/><\/a>Besoin d\u2019un espace de stockage<\/p>\n<p>s\u00e9curis\u00e9 et accessible 24h\/24 h, 7j\/7 jours<\/p>\n<p><strong>CO-BOX SA est votre solution.<\/strong><\/p>\n<p>Nous louons des box autonomes (self stockage) dans des locaux temp\u00e9r\u00e9s et sous vid\u00e9osurveillance.<\/p>\n<p>L\u2019emplacement r\u00e9pond aux normes s\u00e9curitaires en mati\u00e8re de d\u00e9tection\/protection incendie et se trouve hors zone inondable.<\/p>\n<p>Les zones de stockage, con\u00e7ue sp\u00e9cifiquement afin d\u2019assurer une accessibilit\u00e9 ais\u00e9e et une discr\u00e9tion optimale, sont compos\u00e9es de box de diff\u00e9rentes tailles :<\/p>\n<h3 style=\"text-align: center;\"><strong>Box de 2 \u00e0 17m<sup>2 <\/sup>\u2013 5 \u00e0 45m<sup>3 <\/sup><\/strong><\/h3>\n<p style=\"text-align: center;\"><strong>d\u00e8s CHF 7.20m<sup>3<\/sup>\/mois*<\/strong><\/p>\n<h6 style=\"text-align: center;\"><span style=\"color: #999999;\"><strong><em>* pour 45 m\u00b3 avec un contrat de 12 mois<\/em>\u00a0<\/strong><\/span><\/h6>\n<hr \/>\n<h3 style=\"text-align: center;\"><strong>Mini box de 1m<sup>3<\/sup> <\/strong><\/h3>\n<p style=\"text-align: center;\"><strong>d\u00e8s CHF 30.00 m<sup>3<\/sup>\/mois**<\/strong><\/p>\n<h6 style=\"text-align: center;\"><span style=\"color: #999999;\"><strong><em>** pour 45 m\u00b3 avec un contrat de 12 mois <\/em><\/strong><\/span><\/h6>\n<hr \/>\n<p>D\u2019une grande flexibilit\u00e9, CO-BOX SA met \u00e0 disposition des espaces qui peuvent \u00eatre lou\u00e9s d\u2019au minimum un mois \u00e0 une dur\u00e9e ind\u00e9termin\u00e9e.<\/p>\n<p>La r\u00e9siliation est possible d\u00e8s le 2\u00e8me mois en tout temps avec un pr\u00e9avis de 15 jours.<\/p>\n<p>L\u2019acc\u00e8s au locataire est garanti et sans frais. Les box sont 100% privatifs et personnel, hormis le locataire, personne ne peut y p\u00e9n\u00e9trer.<\/p>\n<p>En compl\u00e9mentarit\u00e9 de la vid\u00e9osurveillance, un contr\u00f4le d\u2019acc\u00e8s \u00e0 cl\u00e9s num\u00e9riques ou avec une application s\u00e9curis\u00e9e sur t\u00e9l\u00e9phone portable, assure de mani\u00e8re optimale la s\u00e9curit\u00e9 de vos biens.<\/p>\n<p>Extension de votre logement ou pi\u00e8ce suppl\u00e9mentaire de vos bureaux, le self-stockage CO-BOX est la solution optimale qui saura vous s\u00e9duire.<\/p>\n\n\n<p><\/p>\n","protected":false},"excerpt":{"rendered":"<p>Besoin d\u2019un espace de stockage s\u00e9curis\u00e9 et accessible 24h\/24 h, 7j\/7 jours CO-BOX SA est votre solution. Nous louons des box autonomes (self stockage) dans des locaux temp\u00e9r\u00e9s et sous vid\u00e9osurveillance. L\u2019emplacement r\u00e9pond aux normes s\u00e9curitaires en mati\u00e8re de d\u00e9tection\/protection incendie et se trouve hors zone inondable. Les zones de stockage, con\u00e7ue sp\u00e9cifiquement afin d\u2019assurer une accessibilit\u00e9 ais\u00e9e et une<\/p>\n<div class=\"read-more\"><a class=\"more-link\" href=\"https:\/\/www.co-box.ch\/?page_id=26\">En lire davantage&#8230;<\/a><\/div>\n","protected":false},"author":2,"featured_media":0,"parent":0,"menu_order":2,"comment_status":"closed","ping_status":"closed","template":"","meta":{"spay_email":"","footnotes":""},"class_list":["post-26","page","type-page","status-publish","hentry"],"_links":{"self":[{"href":"https:\/\/www.co-box.ch\/index.php?rest_route=\/wp\/v2\/pages\/26","targetHints":{"allow":["GET"]}}],"collection":[{"href":"https:\/\/www.co-box.ch\/index.php?rest_route=\/wp\/v2\/pages"}],"about":[{"href":"https:\/\/www.co-box.ch\/index.php?rest_route=\/wp\/v2\/types\/page"}],"author":[{"embeddable":true,"href":"https:\/\/www.co-box.ch\/index.php?rest_route=\/wp\/v2\/users\/2"}],"replies":[{"embeddable":true,"href":"https:\/\/www.co-box.ch\/index.php?rest_route=%2Fwp%2Fv2%2Fcomments&post=26"}],"version-history":[{"count":41,"href":"https:\/\/www.co-box.ch\/index.php?rest_route=\/wp\/v2\/pages\/26\/revisions"}],"predecessor-version":[{"id":1405,"href":"https:\/\/www.co-box.ch\/index.php?rest_route=\/wp\/v2\/pages\/26\/revisions\/1405"}],"wp:attachment":[{"href":"https:\/\/www.co-box.ch\/index.php?rest_route=%2Fwp%2Fv2%2Fmedia&parent=26"}],"curies":[{"name":"wp","href":"https:\/\/api.w.org\/{rel}","templated":true}]}}