
{"id":532,"date":"2020-10-29T21:51:33","date_gmt":"2020-10-29T20:51:33","guid":{"rendered":"https:\/\/www.co-box.ch\/?page_id=532"},"modified":"2020-11-01T16:47:54","modified_gmt":"2020-11-01T15:47:54","slug":"bus-de-location","status":"publish","type":"page","link":"https:\/\/www.co-box.ch\/?page_id=532","title":{"rendered":"Bus de location"},"content":{"rendered":"\n<div class=\"wp-block-group\"><div class=\"wp-block-group__inner-container is-layout-flow wp-block-group-is-layout-flow\">\n<p>Nous mettons \u00e0 votre disposons d&rsquo;un bus de location <\/p>\n\n\n\n<div class=\"wp-block-group\"><div class=\"wp-block-group__inner-container is-layout-flow wp-block-group-is-layout-flow\">\n<p>Vous pouvez le r\u00e9server pour les dur\u00e9es suivantes :<\/p>\n\n\n\n<ul class=\"wp-block-list\"><li><strong>2 heures <\/strong><ul><li>50 km inclus* &#8211; CHF 80.-<\/li><\/ul><\/li><\/ul>\n\n\n\n<ul class=\"wp-block-list\"><li><strong>1\/2 journ\u00e9e : 4 heures <\/strong><ul><li>70 km inclus* &#8211; CHF 130.-<\/li><\/ul><\/li><\/ul>\n\n\n\n<ul class=\"wp-block-list\"><li><strong>journ\u00e9e : 24 heures <\/strong><ul><li>100 km inclus*  &#8211;  CHF 180.-<\/li><\/ul><\/li><\/ul>\n\n\n\n<ul class=\"wp-block-list\"><li><strong>2 jours : 48 heures <\/strong><ul><li>200 km inclus*  &#8211;  CHF 330.-<\/li><\/ul><\/li><\/ul>\n\n\n\n<ul class=\"wp-block-list\"><li>* <strong>km suppl\u00e9mentaires <\/strong>:  CHF -.80<\/li><\/ul>\n\n\n\n<div class=\"wp-block-group\"><div class=\"wp-block-group__inner-container is-layout-flow wp-block-group-is-layout-flow\">\n<figure class=\"wp-block-image size-full is-resized is-style-default\"><img loading=\"lazy\" decoding=\"async\" src=\"https:\/\/i1.wp.com\/www.co-box.ch\/wp-content\/uploads\/2020\/10\/VS500999-dimensions_opt1-1.jpg?resize=583%2C783&#038;ssl=1\" alt=\"\" class=\"wp-image-543\" width=\"583\" height=\"783\" srcset=\"https:\/\/i1.wp.com\/www.co-box.ch\/wp-content\/uploads\/2020\/10\/VS500999-dimensions_opt1-1.jpg?w=1165&amp;ssl=1 1165w, https:\/\/i1.wp.com\/www.co-box.ch\/wp-content\/uploads\/2020\/10\/VS500999-dimensions_opt1-1.jpg?resize=223%2C300&amp;ssl=1 223w, https:\/\/i1.wp.com\/www.co-box.ch\/wp-content\/uploads\/2020\/10\/VS500999-dimensions_opt1-1.jpg?resize=762%2C1024&amp;ssl=1 762w, https:\/\/i1.wp.com\/www.co-box.ch\/wp-content\/uploads\/2020\/10\/VS500999-dimensions_opt1-1.jpg?resize=768%2C1032&amp;ssl=1 768w, https:\/\/i1.wp.com\/www.co-box.ch\/wp-content\/uploads\/2020\/10\/VS500999-dimensions_opt1-1.jpg?resize=1143%2C1536&amp;ssl=1 1143w\" sizes=\"auto, (max-width: 583px) 100vw, 583px\" data-recalc-dims=\"1\" \/><figcaption>permis de conduire voiture cat B<\/figcaption><\/figure>\n<\/div><\/div>\n\n\n\n<p><\/p>\n<\/div><\/div>\n<\/div><\/div>\n\n\n\n<p><\/p>\n","protected":false},"excerpt":{"rendered":"<p>Nous mettons \u00e0 votre disposons d&rsquo;un bus de location Vous pouvez le r\u00e9server pour les dur\u00e9es suivantes : 2 heures 50 km inclus* &#8211; CHF 80.- 1\/2 journ\u00e9e : 4 heures 70 km inclus* &#8211; CHF 130.- journ\u00e9e : 24 heures 100 km inclus* &#8211; CHF 180.- 2 jours : 48 heures 200 km inclus* &#8211; CHF 330.- * km<\/p>\n<div class=\"read-more\"><a class=\"more-link\" href=\"https:\/\/www.co-box.ch\/?page_id=532\">En lire davantage&#8230;<\/a><\/div>\n","protected":false},"author":1,"featured_media":0,"parent":0,"menu_order":0,"comment_status":"closed","ping_status":"closed","template":"","meta":{"spay_email":"","footnotes":""},"class_list":["post-532","page","type-page","status-publish","hentry"],"_links":{"self":[{"href":"https:\/\/www.co-box.ch\/index.php?rest_route=\/wp\/v2\/pages\/532","targetHints":{"allow":["GET"]}}],"collection":[{"href":"https:\/\/www.co-box.ch\/index.php?rest_route=\/wp\/v2\/pages"}],"about":[{"href":"https:\/\/www.co-box.ch\/index.php?rest_route=\/wp\/v2\/types\/page"}],"author":[{"embeddable":true,"href":"https:\/\/www.co-box.ch\/index.php?rest_route=\/wp\/v2\/users\/1"}],"replies":[{"embeddable":true,"href":"https:\/\/www.co-box.ch\/index.php?rest_route=%2Fwp%2Fv2%2Fcomments&post=532"}],"version-history":[{"count":16,"href":"https:\/\/www.co-box.ch\/index.php?rest_route=\/wp\/v2\/pages\/532\/revisions"}],"predecessor-version":[{"id":1408,"href":"https:\/\/www.co-box.ch\/index.php?rest_route=\/wp\/v2\/pages\/532\/revisions\/1408"}],"wp:attachment":[{"href":"https:\/\/www.co-box.ch\/index.php?rest_route=%2Fwp%2Fv2%2Fmedia&parent=532"}],"curies":[{"name":"wp","href":"https:\/\/api.w.org\/{rel}","templated":true}]}}